{"id":224,"date":"2019-12-20T18:12:29","date_gmt":"2019-12-20T18:12:29","guid":{"rendered":"http:\/\/www.datasystemsoft.sk\/?page_id=224"},"modified":"2025-03-21T10:10:53","modified_gmt":"2025-03-21T09:10:53","slug":"reviews","status":"publish","type":"page","link":"http:\/\/www.datasystemsoft.sk\/?page_id=224","title":{"rendered":"Kari\u00e9ra"},"content":{"rendered":"<div id=\"cs-content\" class=\"cs-content\"><div class=\"x-section e224-e1 m68-0\"><div class=\"x-row x-container max width e224-e2 m68-1 m68-2 m68-3 m68-6 m68-7\"><div class=\"x-row-inner\"><div class=\"x-col e224-e3 m68-d\"><div class=\"x-text x-text-headline e224-e4 m68-e\"><div class=\"x-text-content\"><div class=\"x-text-content-text\"><h1 class=\"x-text-content-text-primary\"><span style=\"color: #ffffff;\">Program&aacute;tor developer<\/span><\/h1>\n<\/div><\/div><\/div><div class=\"x-text x-content e224-e5 m68-f m68-g m68-h m68-i\"><p>H\u013ead&aacute;me dynamick&eacute; osoby so z&aacute;ujmom o roz&scaron;&iacute;renie svojho z&aacute;beru v oblasti inf. syst&eacute;mov do progres&iacute;vneho v&yacute;voj&aacute;rskeho t&iacute;mu s priate\u013eskou kult&uacute;rou. N&aacute;pl\u0148ou pr&aacute;ce je realiz&aacute;cia nov&yacute;ch projektov v r&aacute;mci inf. syst&eacute;mov existuj&uacute;cich a nov&yacute;ch z&aacute;kazn&iacute;kov resp. realiz&aacute;cia rozvojov&yacute;ch po\u017eiadaviek.<br \/><strong>Pr&iacute;\u010f sa s nami neform&aacute;lne pozhov&aacute;ra\u0165!<\/strong><\/p><\/div><\/div><div class=\"x-col e224-e6 m68-d\"><div class=\"x-text x-content e224-e7 m68-f m68-g m68-h m68-j\"><p><strong>PO\u017dIADAVKY<\/strong><\/p><\/div><hr class=\"x-line e224-e8 m68-m\"\/><div class=\"x-row e224-e9 m68-2 m68-4 m68-6 m68-8\"><div class=\"x-row-inner\"><div class=\"x-col e224-e10 m68-d\"><div class=\"x-text x-content e224-e11 m68-f m68-h m68-k\"><p><strong>01<\/strong><\/p><\/div><div class=\"x-text x-content e224-e12 m68-f m68-i m68-l\"><p>program&aacute;torsk&eacute; \u010dinnosti v oblasti integr&aacute;cie (c#; web services; SOA), na strane datab&aacute;zy (SQL), MS Visual Studio, .NET, C#, web services, SOA, XML v&yacute;hodou<\/p><\/div><\/div><div class=\"x-col e224-e13 m68-d\"><div class=\"x-text x-content e224-e14 m68-f m68-h m68-k\"><p><strong>02<\/strong><\/p><\/div><div class=\"x-text x-content e224-e15 m68-f m68-i m68-l\"><p>analytick&eacute; \u010dinnosti v oblasti modelovania procesov v s&uacute;vislosti s integr&aacute;ciou (BPMN, ESB, MS BizTalk UML) v&yacute;hdou, konzulta\u010dn&eacute; \u010dinnosti<\/p><\/div><\/div><\/div><\/div><div class=\"x-row e224-e16 m68-2 m68-4 m68-6 m68-9\"><div class=\"x-row-inner\"><div class=\"x-col e224-e17 m68-d\"><div class=\"x-text x-content e224-e18 m68-f m68-h m68-k\"><p><strong>03<\/strong><\/p><\/div><div class=\"x-text x-content e224-e19 m68-f m68-i m68-l\"><p>Tvorba kvalitn&yacute;ch p&iacute;somn&yacute;ch v&yacute;stupov v slovenskom jazyku, praktick&eacute; zm&yacute;&scaron;\u013eanie a orient&aacute;cia na efekt&iacute;vne rie&scaron;enie probl&eacute;mov, d&ocirc;slednos\u0165, komunik&aacute;cia<\/p><\/div><\/div><div class=\"x-col e224-e20 m68-d\"><div class=\"x-text x-content e224-e21 m68-f m68-h m68-k\"><p><strong>04<\/strong><\/p><\/div><div class=\"x-text x-content e224-e22 m68-f m68-i m68-l\"><p>Predpokladom je univerzitn&eacute; vzdelanie v oblasti IT, pracovn&eacute; sk&uacute;senosti v oblasti v&yacute;voja IS.<\/p><\/div><\/div><\/div><\/div><\/div><\/div><\/div><div class=\"x-row x-container max width e224-e23 m68-1 m68-2 m68-5 m68-6 m68-a\"><div class=\"x-row-inner\"><div class=\"x-col e224-e24 m68-d\"><div class=\"x-text x-text-headline e224-e25 m68-e\"><div class=\"x-text-content\"><div class=\"x-text-content-text\"><h1 class=\"x-text-content-text-primary\"><span style=\"color: #ffffff;\">Program&aacute;tor developer<\/span><\/h1>\n<\/div><\/div><\/div><div class=\"x-text x-content e224-e26 m68-f m68-g m68-h m68-i\"><p>H\u013ead&aacute;me dynamick&eacute; osoby so z&aacute;ujmom o roz&scaron;&iacute;renie svojho z&aacute;beru v oblasti inf. syst&eacute;mov do progres&iacute;vneho v&yacute;voj&aacute;rskeho t&iacute;mu s priate\u013eskou kult&uacute;rou. N&aacute;pl\u0148ou pr&aacute;ce je realiz&aacute;cia nov&yacute;ch projektov v r&aacute;mci inf. syst&eacute;mov existuj&uacute;cich a nov&yacute;ch z&aacute;kazn&iacute;kov resp. realiz&aacute;cia rozvojov&yacute;ch po\u017eiadaviek.<br \/><strong>Pr&iacute;\u010f sa s nami neform&aacute;lne pozhov&aacute;ra\u0165!<\/strong><\/p><\/div><\/div><div class=\"x-col e224-e27 m68-d\"><div class=\"x-text x-content e224-e28 m68-f m68-g m68-h m68-j\"><p><strong>PO\u017dIADAVKY<\/strong><\/p><\/div><hr class=\"x-line e224-e29 m68-m\"\/><div class=\"x-row e224-e30 m68-2 m68-4 m68-6 m68-b\"><div class=\"x-row-inner\"><div class=\"x-col e224-e31 m68-d\"><div class=\"x-text x-content e224-e32 m68-f m68-h m68-k\"><p><strong>01<\/strong><\/p><\/div><div class=\"x-text x-content e224-e33 m68-f m68-i m68-l\"><p>program&aacute;torsk&eacute; \u010dinnosti v oblasti integr&aacute;cie (c#; web services; SOA), na strane datab&aacute;zy (SQL), MS Visual Studio, .NET, C#, web services, SOA, XML v&yacute;hodou<\/p><\/div><\/div><div class=\"x-col e224-e34 m68-d\"><div class=\"x-text x-content e224-e35 m68-f m68-h m68-k\"><p><strong>02<\/strong><\/p><\/div><div class=\"x-text x-content e224-e36 m68-f m68-i m68-l\"><p>analytick&eacute; \u010dinnosti v oblasti modelovania procesov v s&uacute;vislosti s integr&aacute;ciou (BPMN, ESB, MS BizTalk UML) v&yacute;hdou, konzulta\u010dn&eacute; \u010dinnosti<\/p><\/div><\/div><\/div><\/div><div class=\"x-row e224-e37 m68-2 m68-4 m68-6 m68-c\"><div class=\"x-row-inner\"><div class=\"x-col e224-e38 m68-d\"><div class=\"x-text x-content e224-e39 m68-f m68-h m68-k\"><p><strong>03<\/strong><\/p><\/div><div class=\"x-text x-content e224-e40 m68-f m68-i m68-l\"><p>Tvorba kvalitn&yacute;ch p&iacute;somn&yacute;ch v&yacute;stupov v slovenskom jazyku, praktick&eacute; zm&yacute;&scaron;\u013eanie a orient&aacute;cia na efekt&iacute;vne rie&scaron;enie probl&eacute;mov, d&ocirc;slednos\u0165, komunik&aacute;cia<\/p><\/div><\/div><div class=\"x-col e224-e41 m68-d\"><div class=\"x-text x-content e224-e42 m68-f m68-h m68-k\"><p><strong>04<\/strong><\/p><\/div><div class=\"x-text x-content e224-e43 m68-f m68-i m68-l\"><p>Predpokladom je univerzitn&eacute; vzdelanie v oblasti IT, pracovn&eacute; sk&uacute;senosti v oblasti v&yacute;voja IS.<\/p><\/div><\/div><\/div><\/div><\/div><\/div><\/div><\/div><\/div>\n","protected":false},"excerpt":{"rendered":"<p>Program&aacute;tor developer H\u013ead&aacute;me dynamick&eacute; osoby so z&aacute;ujmom o roz&scaron;&iacute;renie svojho z&aacute;beru v oblasti inf. syst&eacute;mov do progres&iacute;vneho v&yacute;voj&aacute;rskeho t&iacute;mu s priate\u013eskou kult&uacute;rou. N&aacute;pl\u0148ou pr&aacute;ce je realiz&aacute;cia nov&yacute;ch projektov v r&aacute;mci inf. syst&eacute;mov existuj&uacute;cich a nov&yacute;ch z&aacute;kazn&iacute;kov resp. realiz&aacute;cia rozvojov&yacute;ch po\u017eiadaviek.Pr&iacute;\u010f sa s nami neform&aacute;lne pozhov&aacute;ra\u0165!PO\u017dIADAVKY01program&aacute;torsk&eacute; \u010dinnosti v oblasti integr&aacute;cie (c#; web services; SOA), na strane datab&aacute;zy (SQL), MS Visual Studio, &#8230;<\/p>\n","protected":false},"author":1,"featured_media":0,"parent":0,"menu_order":0,"comment_status":"closed","ping_status":"closed","template":"template-blank-4.php","meta":{"footnotes":""},"class_list":["post-224","page","type-page","status-publish","hentry","no-post-thumbnail"],"_links":{"self":[{"href":"http:\/\/www.datasystemsoft.sk\/index.php?rest_route=\/wp\/v2\/pages\/224","targetHints":{"allow":["GET"]}}],"collection":[{"href":"http:\/\/www.datasystemsoft.sk\/index.php?rest_route=\/wp\/v2\/pages"}],"about":[{"href":"http:\/\/www.datasystemsoft.sk\/index.php?rest_route=\/wp\/v2\/types\/page"}],"author":[{"embeddable":true,"href":"http:\/\/www.datasystemsoft.sk\/index.php?rest_route=\/wp\/v2\/users\/1"}],"replies":[{"embeddable":true,"href":"http:\/\/www.datasystemsoft.sk\/index.php?rest_route=%2Fwp%2Fv2%2Fcomments&post=224"}],"version-history":[{"count":6,"href":"http:\/\/www.datasystemsoft.sk\/index.php?rest_route=\/wp\/v2\/pages\/224\/revisions"}],"predecessor-version":[{"id":251,"href":"http:\/\/www.datasystemsoft.sk\/index.php?rest_route=\/wp\/v2\/pages\/224\/revisions\/251"}],"wp:attachment":[{"href":"http:\/\/www.datasystemsoft.sk\/index.php?rest_route=%2Fwp%2Fv2%2Fmedia&parent=224"}],"curies":[{"name":"wp","href":"https:\/\/api.w.org\/{rel}","templated":true}]}}